{"id":112,"date":"2022-11-01T19:45:19","date_gmt":"2022-11-01T18:45:19","guid":{"rendered":"https:\/\/test.chezfle.ch\/?page_id=112"},"modified":"2022-11-11T21:11:58","modified_gmt":"2022-11-11T20:11:58","slug":"verein-chez-fle","status":"publish","type":"page","link":"https:\/\/test.chezfle.ch\/?page_id=112","title":{"rendered":"Verein Chez Fl\u00e9"},"content":{"rendered":"<p>[et_pb_section fb_built=&#8220;1&#8243; _builder_version=&#8220;4.18.0&#8243; _module_preset=&#8220;default&#8220; background_color=&#8220;#000000&#8243; global_colors_info=&#8220;{}&#8220;][et_pb_row _builder_version=&#8220;4.18.0&#8243; _module_preset=&#8220;default&#8220; global_colors_info=&#8220;{}&#8220;][et_pb_column type=&#8220;4_4&#8243; _builder_version=&#8220;4.18.0&#8243; _module_preset=&#8220;default&#8220; global_colors_info=&#8220;{}&#8220;][et_pb_text _builder_version=&#8220;4.18.0&#8243; _module_preset=&#8220;default&#8220; global_colors_info=&#8220;{}&#8220;]<\/p>\n<h1><span style=\"color: #ffffff;\">Verein Chez Fl\u00e9<\/span><\/h1>\n<p>[\/et_pb_text][\/et_pb_column][\/et_pb_row][et_pb_row _builder_version=&#8220;4.18.0&#8243; _module_preset=&#8220;default&#8220; global_colors_info=&#8220;{}&#8220;][et_pb_column type=&#8220;4_4&#8243; _builder_version=&#8220;4.18.0&#8243; _module_preset=&#8220;default&#8220; global_colors_info=&#8220;{}&#8220;][et_pb_text _builder_version=&#8220;4.19.0&#8243; _module_preset=&#8220;default&#8220; hover_enabled=&#8220;0&#8243; global_colors_info=&#8220;{}&#8220; sticky_enabled=&#8220;0&#8243;]<\/p>\n<p><span style=\"color: #ffffff;\">Members of The Band Green Eagles haben einen &#8222;Chez Fl\u00e9-Schwur&#8220; abgelegt und sind sich einig, so weit zu gehen, bis zum letzten Tropfen von der Chezfl\u00e9bar, um die Ehre des Vereins zu verteidigen und sehr schr\u00e4ge T\u00f6ne von sich zu geben.<\/span><\/p>\n<p><span style=\"color: #ffffff;\"><strong>Chez Fl\u00e9-Schwur <\/strong><\/span><\/p>\n<p><span style=\"color: #ffffff;\">\u201eWir wollen sein ein einig Musikvolk von Schwestern, M\u00fcttern und Br\u00fcdern und allen anderen, in keiner Not uns trennen und Biermangel. Wir wollen frei sein, wie die V\u00e4ter vielleicht waren, eher den Vodka saufen, als in der Knechtschaft leben. Wir wollen trauen auf den h\u00f6chsten Gott (welcher auch immer?) der Musik und uns nicht f\u00fcrchten vor der Macht der Menschen die uns nicht huldigen oder unserem Verein beitreten.\u201c<\/span><\/p>\n<p>[\/et_pb_text][\/et_pb_column][\/et_pb_row][et_pb_row _builder_version=&#8220;4.18.0&#8243; _module_preset=&#8220;default&#8220; global_colors_info=&#8220;{}&#8220;][et_pb_column type=&#8220;4_4&#8243; _builder_version=&#8220;4.18.0&#8243; _module_preset=&#8220;default&#8220; global_colors_info=&#8220;{}&#8220;][et_pb_image src=&#8220;https:\/\/test.chezfle.ch\/wp-content\/uploads\/2022\/11\/IMG_2474.jpg&#8220; title_text=&#8220;Green Eagles&#8220; _builder_version=&#8220;4.18.0&#8243; _module_preset=&#8220;default&#8220; width=&#8220;50%&#8220; module_alignment=&#8220;center&#8220; global_colors_info=&#8220;{}&#8220;][\/et_pb_image][\/et_pb_column][\/et_pb_row][et_pb_row _builder_version=&#8220;4.18.0&#8243; _module_preset=&#8220;default&#8220; global_colors_info=&#8220;{}&#8220;][et_pb_column type=&#8220;4_4&#8243; _builder_version=&#8220;4.18.0&#8243; _module_preset=&#8220;default&#8220; global_colors_info=&#8220;{}&#8220;][et_pb_text _builder_version=&#8220;4.18.0&#8243; _module_preset=&#8220;default&#8220; global_colors_info=&#8220;{}&#8220;]<\/p>\n<p><span style=\"color: #ffffff;\">Mit unserer Musik werden wir die Welt ver\u00e4ndern und die City Biel in den Olymp der internationalen Musikszene erheben.<\/span><\/p>\n<p><span style=\"color: #ffffff;\">Drunter machen wir\u2019s nicht!<\/span><\/p>\n<p><span style=\"color: #ffffff;\">Vielleicht.<\/span><\/p>\n<p><span style=\"color: #ffffff;\">Eventuell.<\/span><\/p>\n<p>[\/et_pb_text][\/et_pb_column][\/et_pb_row][\/et_pb_section]<\/p>\n","protected":false},"excerpt":{"rendered":"<p>Verein Chez Fl\u00e9Members of The Band Green Eagles haben einen &#8222;Chez Fl\u00e9-Schwur&#8220; abgelegt und sind sich einig, so weit zu gehen, bis zum letzten Tropfen von der Chezfl\u00e9bar, um die Ehre des Vereins zu verteidigen und sehr schr\u00e4ge T\u00f6ne von sich zu geben. Chez Fl\u00e9-Schwur \u201eWir wollen sein ein einig Musikvolk von Schwestern, M\u00fcttern und [&hellip;]<\/p>\n","protected":false},"author":1,"featured_media":0,"parent":0,"menu_order":0,"comment_status":"closed","ping_status":"closed","template":"","meta":{"_et_pb_use_builder":"on","_et_pb_old_content":"","_et_gb_content_width":"","footnotes":""},"class_list":["post-112","page","type-page","status-publish","hentry"],"_links":{"self":[{"href":"https:\/\/test.chezfle.ch\/index.php?rest_route=\/wp\/v2\/pages\/112","targetHints":{"allow":["GET"]}}],"collection":[{"href":"https:\/\/test.chezfle.ch\/index.php?rest_route=\/wp\/v2\/pages"}],"about":[{"href":"https:\/\/test.chezfle.ch\/index.php?rest_route=\/wp\/v2\/types\/page"}],"author":[{"embeddable":true,"href":"https:\/\/test.chezfle.ch\/index.php?rest_route=\/wp\/v2\/users\/1"}],"replies":[{"embeddable":true,"href":"https:\/\/test.chezfle.ch\/index.php?rest_route=%2Fwp%2Fv2%2Fcomments&post=112"}],"version-history":[{"count":5,"href":"https:\/\/test.chezfle.ch\/index.php?rest_route=\/wp\/v2\/pages\/112\/revisions"}],"predecessor-version":[{"id":262,"href":"https:\/\/test.chezfle.ch\/index.php?rest_route=\/wp\/v2\/pages\/112\/revisions\/262"}],"wp:attachment":[{"href":"https:\/\/test.chezfle.ch\/index.php?rest_route=%2Fwp%2Fv2%2Fmedia&parent=112"}],"curies":[{"name":"wp","href":"https:\/\/api.w.org\/{rel}","templated":true}]}}