{"id":193,"date":"2022-11-09T22:33:11","date_gmt":"2022-11-09T21:33:11","guid":{"rendered":"https:\/\/test.chezfle.ch\/?page_id=193"},"modified":"2022-11-11T19:15:38","modified_gmt":"2022-11-11T18:15:38","slug":"news","status":"publish","type":"page","link":"https:\/\/test.chezfle.ch\/?page_id=193","title":{"rendered":"News"},"content":{"rendered":"<p>[et_pb_section fb_built=&#8220;1&#8243; _builder_version=&#8220;4.18.0&#8243; _module_preset=&#8220;default&#8220; background_color=&#8220;#000000&#8243; global_colors_info=&#8220;{}&#8220;][et_pb_row _builder_version=&#8220;4.18.0&#8243; _module_preset=&#8220;default&#8220; global_colors_info=&#8220;{}&#8220;][et_pb_column type=&#8220;4_4&#8243; _builder_version=&#8220;4.18.0&#8243; _module_preset=&#8220;default&#8220; global_colors_info=&#8220;{}&#8220;][et_pb_text _builder_version=&#8220;4.18.0&#8243; _module_preset=&#8220;default&#8220; global_colors_info=&#8220;{}&#8220;]<\/p>\n<h1><strong><span style=\"color: #ffffff;\">NEWS<\/span><\/strong><\/h1>\n<p>[\/et_pb_text][\/et_pb_column][\/et_pb_row][et_pb_row column_structure=&#8220;1_2,1_2&#8243; _builder_version=&#8220;4.18.0&#8243; _module_preset=&#8220;default&#8220; global_colors_info=&#8220;{}&#8220;][et_pb_column type=&#8220;1_2&#8243; _builder_version=&#8220;4.18.0&#8243; _module_preset=&#8220;default&#8220; global_colors_info=&#8220;{}&#8220;][et_pb_text _builder_version=&#8220;4.18.0&#8243; _module_preset=&#8220;default&#8220; global_colors_info=&#8220;{}&#8220;]<\/p>\n<h3><span style=\"color: #ffffff;\"><strong>Concert 17.12.2022<\/strong><strong><\/strong><\/span><\/h3>\n<ul>\n<li><span style=\"color: #ffffff;\"><strong>18:00 Doors<\/strong><\/span><\/li>\n<li><span style=\"color: #ffffff;\"><strong>19:30 25th Rock Avenue<\/strong><\/span><\/li>\n<li><span style=\"color: #ffffff;\"><strong>21:00 Green Eagles<\/strong><\/span><\/li>\n<li><span style=\"color: #ffffff;\"><strong>22:00 Bar Betrieb<\/strong><\/span><\/li>\n<\/ul>\n<p>[\/et_pb_text][et_pb_text _builder_version=&#8220;4.18.0&#8243; _module_preset=&#8220;default&#8220; global_colors_info=&#8220;{}&#8220;]<\/p>\n<h3><span style=\"color: #ffff00;\">Achtung: weitere Daten folgen!<\/span><\/h3>\n<p>[\/et_pb_text][\/et_pb_column][et_pb_column type=&#8220;1_2&#8243; _builder_version=&#8220;4.18.0&#8243; _module_preset=&#8220;default&#8220; global_colors_info=&#8220;{}&#8220;][et_pb_text _builder_version=&#8220;4.19.0&#8243; _module_preset=&#8220;default&#8220; hover_enabled=&#8220;0&#8243; global_colors_info=&#8220;{}&#8220; sticky_enabled=&#8220;0&#8243;]<\/p>\n<h3><span style=\"color: #ffffff;\"><strong>Allgemeines:<\/strong><\/span><\/h3>\n<ul>\n<li><span style=\"color: #ffffff;\"><strong>Einlass nur auf Anmeldung bei <a href=\"mailto:filou@chezfle.ch\" target=\"_blank\" rel=\"noopener\" title=\"MAIL AN FILOU\">filou@chezfle.ch<\/a>, da Platz im Chez Fl\u00e9 limitiert ist<\/strong><\/span><\/li>\n<li><span style=\"color: #ffffff;\"><strong>Eintritt Frei<\/strong><\/span><\/li>\n<li><span style=\"color: #ffffff;\"><strong>Ein Getr\u00e4nk nach Wahl vom Verein Chez Fl\u00e9 offeriert<\/strong><\/span><\/li>\n<li><span style=\"color: #ffffff;\"><strong>N\u00fcssli und Chips vorhanden<\/strong><\/span><\/li>\n<li><span style=\"color: #ffffff;\"><strong>Toilette und Garderobe vorhanden<\/strong><\/span><\/li>\n<li><span style=\"color: #ffffff;\"><strong>Rauchen nur draussen<\/strong><\/span><\/li>\n<li><span style=\"color: #ffffff;\"><strong>Es gilt die allgemeine Hausordnung<\/strong><\/span><\/li>\n<\/ul>\n<p>[\/et_pb_text][\/et_pb_column][\/et_pb_row][et_pb_row column_structure=&#8220;1_2,1_2&#8243; _builder_version=&#8220;4.18.0&#8243; _module_preset=&#8220;default&#8220; global_colors_info=&#8220;{}&#8220;][et_pb_column type=&#8220;1_2&#8243; _builder_version=&#8220;4.18.0&#8243; _module_preset=&#8220;default&#8220; global_colors_info=&#8220;{}&#8220;][et_pb_image src=&#8220;https:\/\/test.chezfle.ch\/wp-content\/uploads\/2022\/11\/rockavenue_neg_CS3_12062015.jpg&#8220; title_text=&#8220;rockavenue_neg_CS3_12062015&#8243; _builder_version=&#8220;4.18.0&#8243; _module_preset=&#8220;default&#8220; width=&#8220;0%&#8220; module_alignment=&#8220;center&#8220; global_colors_info=&#8220;{}&#8220;][\/et_pb_image][et_pb_image src=&#8220;https:\/\/test.chezfle.ch\/wp-content\/uploads\/2022\/11\/rockavenue_neg_CS3_12062015.jpg&#8220; title_text=&#8220;rockavenue_neg_CS3_12062015&#8243; url=&#8220;https:\/\/www.25rockavenue.ch\/&#8220; url_new_window=&#8220;on&#8220; _builder_version=&#8220;4.18.0&#8243; _module_preset=&#8220;default&#8220; min_height=&#8220;150px&#8220; global_colors_info=&#8220;{}&#8220;][\/et_pb_image][\/et_pb_column][et_pb_column type=&#8220;1_2&#8243; _builder_version=&#8220;4.18.0&#8243; _module_preset=&#8220;default&#8220; global_colors_info=&#8220;{}&#8220;][et_pb_image src=&#8220;https:\/\/test.chezfle.ch\/wp-content\/uploads\/2022\/11\/IMG_2474.jpg&#8220; title_text=&#8220;Green Eagles&#8220; _builder_version=&#8220;4.18.0&#8243; _module_preset=&#8220;default&#8220; global_colors_info=&#8220;{}&#8220;][\/et_pb_image][\/et_pb_column][\/et_pb_row][\/et_pb_section]<\/p>\n","protected":false},"excerpt":{"rendered":"<p>NEWSConcert 17.12.2022 18:00 Doors 19:30 25th Rock Avenue 21:00 Green Eagles 22:00 Bar Betrieb Achtung: weitere Daten folgen!Allgemeines: Einlass nur auf Anmeldung bei filou@chezfle.ch, da Platz im Chez Fl\u00e9 limitiert ist Eintritt Frei Ein Getr\u00e4nk nach Wahl vom Verein Chez Fl\u00e9 offeriert N\u00fcssli und Chips vorhanden Toilette und Garderobe vorhanden Rauchen nur draussen Es gilt [&hellip;]<\/p>\n","protected":false},"author":1,"featured_media":0,"parent":0,"menu_order":0,"comment_status":"closed","ping_status":"closed","template":"","meta":{"_et_pb_use_builder":"on","_et_pb_old_content":"","_et_gb_content_width":"","footnotes":""},"class_list":["post-193","page","type-page","status-publish","hentry"],"_links":{"self":[{"href":"https:\/\/test.chezfle.ch\/index.php?rest_route=\/wp\/v2\/pages\/193","targetHints":{"allow":["GET"]}}],"collection":[{"href":"https:\/\/test.chezfle.ch\/index.php?rest_route=\/wp\/v2\/pages"}],"about":[{"href":"https:\/\/test.chezfle.ch\/index.php?rest_route=\/wp\/v2\/types\/page"}],"author":[{"embeddable":true,"href":"https:\/\/test.chezfle.ch\/index.php?rest_route=\/wp\/v2\/users\/1"}],"replies":[{"embeddable":true,"href":"https:\/\/test.chezfle.ch\/index.php?rest_route=%2Fwp%2Fv2%2Fcomments&post=193"}],"version-history":[{"count":7,"href":"https:\/\/test.chezfle.ch\/index.php?rest_route=\/wp\/v2\/pages\/193\/revisions"}],"predecessor-version":[{"id":245,"href":"https:\/\/test.chezfle.ch\/index.php?rest_route=\/wp\/v2\/pages\/193\/revisions\/245"}],"wp:attachment":[{"href":"https:\/\/test.chezfle.ch\/index.php?rest_route=%2Fwp%2Fv2%2Fmedia&parent=193"}],"curies":[{"name":"wp","href":"https:\/\/api.w.org\/{rel}","templated":true}]}}